{"id":13,"date":"2018-07-19T23:55:30","date_gmt":"2018-07-20T02:55:30","guid":{"rendered":"http:\/\/www.ctacargo.com.br\/eng\/?page_id=13"},"modified":"2023-04-19T12:10:06","modified_gmt":"2023-04-19T15:10:06","slug":"contact","status":"publish","type":"page","link":"http:\/\/ctacargo.com.br\/eng\/contact\/","title":{"rendered":"CONTACT"},"content":{"rendered":"<div id=\"store\" class=\"address transition\"><strong>GUARULHOS\/SP &#8211; BRAZIL<\/strong><br \/>\n<span class=\"full-address\">Rua Jamil Jo\u00e3o Zarif S\/N\u00ba, Edificio TECA 7\u00ba Andar Salas 7.10 e 7.14 &#8211; Guarulhos &#8211; SP &#8211; CEP: 07143-000<\/span><br \/>\n<a class=\"ver-mapa\" href=\"http:\/\/www.ctacargo.com.br\/eng\/mapa\/1\">View map<\/a><\/div>\n<div id=\"store\" class=\"address transition\"><strong>CAMPINAS\/SP &#8211; BRAZIL<\/strong><br \/>\n<span class=\"full-address\">Centro Empresarial Viracopos, 1\u00ba andar Salas 141\/142\/143 Aeroporto Intl. de Viracopos &#8211; Campinas &#8211; SP &#8211; CEP: 13052-901<\/span><br \/>\n<a class=\"ver-mapa\" href=\"http:\/\/www.ctacargo.com.br\/eng\/mapa\/2\">View map<\/a><\/div>\n<div id=\"store\" class=\"address transition\"><strong>RIO DE JANEIRO\/RJ &#8211; BRAZIL<\/strong><br \/>\n<span class=\"full-address\">Antigo Aeroporto do Gale\u00e3o s\/n\u00ba t\u00e9rreo Sala 07 Pr\u00e9dio da INFRAERO, Administra\u00e7\u00e3o de Cargas Sala CTA CARGO &#8211; Gale\u00e3o &#8211; Rio de Janeiro &#8211; RJ &#8211; CEP: 21940-000<\/span><br \/>\n<a class=\"ver-mapa\" href=\"http:\/\/www.ctacargo.com.br\/eng\/mapa\/3\">View map<\/a><\/div>\n<div id=\"store\" class=\"address transition\"><\/div>\n","protected":false},"excerpt":{"rendered":"<p>GUARULHOS\/SP &#8211; BRAZIL Rua Jamil Jo\u00e3o Zarif S\/N\u00ba, Edificio TECA 7\u00ba Andar Salas 7.10 e 7.14 &#8211; Guarulhos &#8211; SP &#8211; CEP: 07143-000 View map CAMPINAS\/SP &#8211; BRAZIL Centro Empresarial Viracopos, 1\u00ba andar Salas 141\/142\/143 Aeroporto Intl. de Viracopos &#8211; Campinas &#8211; SP &#8211; CEP: 13052-901 View map RIO DE JANEIRO\/RJ &#8211; BRAZIL Antigo Aeroporto [&hellip;]<\/p>\n","protected":false},"author":1,"featured_media":73,"parent":0,"menu_order":0,"comment_status":"closed","ping_status":"closed","template":"","meta":[],"_links":{"self":[{"href":"http:\/\/ctacargo.com.br\/eng\/wp-json\/wp\/v2\/pages\/13"}],"collection":[{"href":"http:\/\/ctacargo.com.br\/eng\/wp-json\/wp\/v2\/pages"}],"about":[{"href":"http:\/\/ctacargo.com.br\/eng\/wp-json\/wp\/v2\/types\/page"}],"author":[{"embeddable":true,"href":"http:\/\/ctacargo.com.br\/eng\/wp-json\/wp\/v2\/users\/1"}],"replies":[{"embeddable":true,"href":"http:\/\/ctacargo.com.br\/eng\/wp-json\/wp\/v2\/comments?post=13"}],"version-history":[{"count":15,"href":"http:\/\/ctacargo.com.br\/eng\/wp-json\/wp\/v2\/pages\/13\/revisions"}],"predecessor-version":[{"id":139,"href":"http:\/\/ctacargo.com.br\/eng\/wp-json\/wp\/v2\/pages\/13\/revisions\/139"}],"wp:featuredmedia":[{"embeddable":true,"href":"http:\/\/ctacargo.com.br\/eng\/wp-json\/wp\/v2\/media\/73"}],"wp:attachment":[{"href":"http:\/\/ctacargo.com.br\/eng\/wp-json\/wp\/v2\/media?parent=13"}],"curies":[{"name":"wp","href":"https:\/\/api.w.org\/{rel}","templated":true}]}}